{"id":204,"date":"2026-01-28T19:06:44","date_gmt":"2026-01-28T19:06:44","guid":{"rendered":"https:\/\/www.quiroma.cat\/?page_id=204"},"modified":"2026-04-23T09:37:37","modified_gmt":"2026-04-23T09:37:37","slug":"sobre-mi","status":"publish","type":"page","link":"https:\/\/www.quiroma.cat\/es\/sobre-mi\/","title":{"rendered":"Acerca de m\u00ed"},"content":{"rendered":"<div class=\"wpb-content-wrapper\"><div class=\"vc_row wpb_row vc_row-fluid\"><div class=\"wpb_column vc_column_container vc_col-sm-2\"><div class=\"vc_column-inner vc_custom_1769680616452\"><div class=\"wpb_wrapper\"><\/div><\/div><\/div><div class=\"wpb_column vc_column_container vc_col-sm-8\"><div class=\"vc_column-inner\"><div class=\"wpb_wrapper\"><div class=\"vc_separator wpb_content_element vc_separator_align_center vc_sep_width_100 vc_sep_pos_align_center vc_sep_color_grey wpb_content_element vc_separator-has-text\" ><span class=\"vc_sep_holder vc_sep_holder_l\"><span class=\"vc_sep_line\"><\/span><\/span><div class=\"vc_icon_element vc_icon_element-outer vc_do_icon vc_icon_element-align-left\"><div class=\"vc_icon_element-inner vc_icon_element-color-sandy_brown vc_icon_element-size-lg vc_icon_element-style- vc_icon_element-background-color-grey\" ><span class=\"vc_icon_element-icon fa fa-solid fa-circle-info\" ><\/span><\/div><\/div><h4>Jonathan Ferriz Mas<\/h4><span class=\"vc_sep_holder vc_sep_holder_r\"><span class=\"vc_sep_line\"><\/span><\/span>\n<\/div>\n\t<div class=\"wpb_text_column wpb_content_element\" >\n\t\t<div class=\"wpb_wrapper\">\n\t\t\t<blockquote><p>\nDescubramos el prop\u00f3sito de estar juntos.\n<\/p><\/blockquote>\n\n\t\t<\/div>\n\t<\/div>\n\n\t<div class=\"wpb_text_column wpb_content_element vc_custom_1776937055401\" >\n\t\t<div class=\"wpb_wrapper\">\n\t\t\t<p><img decoding=\"async\" style=\"float: left; padding-right: 20px; padding-bottom: 10px;\" src=\"https:\/\/www.quiroma.cat\/wp-content\/uploads\/2026\/04\/Sobre-mi-segona-scaled.jpeg\" alt=\"\" width=\"400\" \/>Nac\u00ed en Barcelona y mi familia se mud\u00f3 a l'Escala cuando era peque\u00f1o.<br \/>\nAqu\u00ed es donde crec\u00ed y donde vivo actualmente.<\/p>\n<p style=\"text-align: justify;\">En 2014 comenz\u00f3 un movimiento interior que marc\u00f3 un antes y un despu\u00e9s en mi vida. Empec\u00e9 a formarme en Quiromasaje, Reiki y, posteriormente, en Terapia Sacrocraneal.<\/p>\n<p style=\"text-align: justify;\">Paralelamente, mi proceso se ha nutrido de diversas referencias contempor\u00e1neas y herramientas para la lectura profunda, como el trabajo transgeneracional.<\/p>\n<p style=\"text-align: justify;\">Es a trav\u00e9s de Un curso de milagros que se produce un cambio profundo en mi forma de ver el mundo: una visi\u00f3n m\u00e1s esencial, honesta y silenciosa.<\/p>\n<p><img decoding=\"async\" style=\"float: right; padding-left: 20px; padding-bottom: 10px;\" src=\"https:\/\/www.quiroma.cat\/wp-content\/uploads\/2026\/04\/Sobre-mi-primera.jpg\" alt=\"\" width=\"400\" \/><\/p>\n<p style=\"text-align: justify;\">Durante muchos a\u00f1os trabaj\u00e9 como instructor de buceo, una experiencia que me ense\u00f1\u00f3 el valor de la presencia, la atenci\u00f3n plena y el respeto por los ritmos naturales. Poco a poco, empec\u00e9 a reducir el tiempo que pasaba en el mar para atender a una llamada interior que cada vez era m\u00e1s fuerte.<\/p>\n<p style=\"text-align: justify;\">Mi forma de actuar no siempre ha encajado con los ritmos habituales. Con el tiempo, he llegado a comprender que esta diferencia \u2014a veces denominada neurodiversidad\u2014 me ha dotado de una capacidad especial para estar presente, escuchar sin prisas y mantener espacios de profunda calma.<\/p>\n<p style=\"text-align: justify;\">Acompa\u00f1o a trav\u00e9s del masaje, la presencia y la escucha corporal.<br \/>\nEl silencio y la experiencia de este momento se convierten en los verdaderos maestros.<br \/>\nImparto sesiones con fluidez en catal\u00e1n, espa\u00f1ol y franc\u00e9s.<\/p>\n\n\t\t<\/div>\n\t<\/div>\n<\/div><\/div><\/div><div class=\"wpb_column vc_column_container vc_col-sm-2\"><div class=\"vc_column-inner\"><div class=\"wpb_wrapper\"><\/div><\/div><\/div><\/div>\n<\/div>","protected":false},"excerpt":{"rendered":"JONATHAN FERRIZ MAS Descobrim junts el prop\u00f2sit de Ser Vaig n\u00e9ixer a Barcelona i la meva fam\u00edlia es va traslladar a l\u2019Escala quan era petit. \u00c9s aqu\u00ed on he crescut i on visc actualment. L\u2019any 2014 s\u2019inicia un moviment interior que marca un abans i un despr\u00e9s en la meva vida. Comen\u00e7o a formar-me en [...]","protected":false},"author":2,"featured_media":0,"parent":0,"menu_order":0,"comment_status":"closed","ping_status":"closed","template":"","meta":{"footnotes":""},"class_list":["post-204","page","type-page","status-publish","hentry"],"_links":{"self":[{"href":"https:\/\/www.quiroma.cat\/es\/wp-json\/wp\/v2\/pages\/204","targetHints":{"allow":["GET"]}}],"collection":[{"href":"https:\/\/www.quiroma.cat\/es\/wp-json\/wp\/v2\/pages"}],"about":[{"href":"https:\/\/www.quiroma.cat\/es\/wp-json\/wp\/v2\/types\/page"}],"author":[{"embeddable":true,"href":"https:\/\/www.quiroma.cat\/es\/wp-json\/wp\/v2\/users\/2"}],"replies":[{"embeddable":true,"href":"https:\/\/www.quiroma.cat\/es\/wp-json\/wp\/v2\/comments?post=204"}],"version-history":[{"count":23,"href":"https:\/\/www.quiroma.cat\/es\/wp-json\/wp\/v2\/pages\/204\/revisions"}],"predecessor-version":[{"id":667,"href":"https:\/\/www.quiroma.cat\/es\/wp-json\/wp\/v2\/pages\/204\/revisions\/667"}],"wp:attachment":[{"href":"https:\/\/www.quiroma.cat\/es\/wp-json\/wp\/v2\/media?parent=204"}],"curies":[{"name":"wp","href":"https:\/\/api.w.org\/{rel}","templated":true}]}}